{"id":210,"date":"2016-09-19T14:01:38","date_gmt":"2016-09-19T14:01:38","guid":{"rendered":"https:\/\/laistymo-sistemos.lt\/?page_id=210"},"modified":"2023-03-28T10:24:06","modified_gmt":"2023-03-28T09:24:06","slug":"contact-us","status":"publish","type":"page","link":"https:\/\/laistymo-sistemos.lt\/?page_id=210","title":{"rendered":"Kontaktai"},"content":{"rendered":"<p>[vc_row][vc_column]<h2 class=\"sc_title sc_title_regular sc_align_center\" style=\"text-align:center;\">Susisiekite:<\/h2><h6 class=\"sc_title sc_title_regular sc_align_center sc_item_subtitle \" style=\"text-align:center;\">Kontaktine informacija<\/h6>[\/vc_column][\/vc_row][vc_row][vc_column width=&#8221;2\/3&#8243;]\n<div class=\"wpcf7 no-js\" id=\"wpcf7-f469-o1\" lang=\"en-US\" dir=\"ltr\">\n<div class=\"screen-reader-response\"><p role=\"status\" aria-live=\"polite\" aria-atomic=\"true\"><\/p> <ul><\/ul><\/div>\n<form action=\"\/index.php?rest_route=%2Fwp%2Fv2%2Fpages%2F210#wpcf7-f469-o1\" method=\"post\" class=\"wpcf7-form init\" aria-label=\"Contact form\" enctype=\"multipart\/form-data\" novalidate=\"novalidate\" data-status=\"init\">\n<div style=\"display: none;\">\n<input type=\"hidden\" name=\"_wpcf7\" value=\"469\" \/>\n<input type=\"hidden\" name=\"_wpcf7_version\" value=\"5.7.5.1\" \/>\n<input type=\"hidden\" name=\"_wpcf7_locale\" value=\"en_US\" \/>\n<input type=\"hidden\" name=\"_wpcf7_unit_tag\" value=\"wpcf7-f469-o1\" \/>\n<input type=\"hidden\" name=\"_wpcf7_container_post\" value=\"0\" \/>\n<input type=\"hidden\" name=\"_wpcf7_posted_data_hash\" value=\"\" \/>\n<\/div>\n<div>\n\t<p><span class=\"wpcf7-form-control-wrap\" data-name=\"your-name\"><input size=\"40\" class=\"wpcf7-form-control wpcf7-text wpcf7-validates-as-required\" aria-required=\"true\" aria-invalid=\"false\" placeholder=\"Vardas*\" value=\"\" type=\"text\" name=\"your-name\" \/><\/span>\n\t<\/p>\n<\/div>\n<div>\n\t<p><span class=\"wpcf7-form-control-wrap\" data-name=\"your-email\"><input size=\"40\" class=\"wpcf7-form-control wpcf7-text wpcf7-email wpcf7-validates-as-required wpcf7-validates-as-email\" aria-required=\"true\" aria-invalid=\"false\" placeholder=\"El. pa\u0161tas*\" value=\"\" type=\"email\" name=\"your-email\" \/><\/span>\n\t<\/p>\n<\/div>\n<p><span class=\"wpcf7-form-control-wrap\" data-name=\"tel-370\"><input size=\"40\" class=\"wpcf7-form-control wpcf7-text wpcf7-tel wpcf7-validates-as-required wpcf7-validates-as-tel\" aria-required=\"true\" aria-invalid=\"false\" placeholder=\"Telefono numeris*\" value=\"\" type=\"tel\" name=\"tel-370\" \/><\/span>\n<\/p>\n<div>\n\t<p><span class=\"wpcf7-form-control-wrap\" data-name=\"your-subject\"><input size=\"40\" class=\"wpcf7-form-control wpcf7-text\" aria-invalid=\"false\" placeholder=\"Tema*\" value=\"\" type=\"text\" name=\"your-subject\" \/><\/span>\n\t<\/p>\n<\/div>\n<div>\n\t<p><span class=\"wpcf7-form-control-wrap\" data-name=\"your-message\"><textarea cols=\"40\" rows=\"10\" class=\"wpcf7-form-control wpcf7-textarea wpcf7-validates-as-required\" aria-required=\"true\" aria-invalid=\"false\" placeholder=\"\u017dinut\u0117*\" name=\"your-message\"><\/textarea><\/span>\n\t<\/p>\n<\/div>\n<p><span class=\"wpcf7-form-control-wrap\" data-name=\"Laistymas\"><span class=\"wpcf7-form-control wpcf7-checkbox\"><\/span><\/span><br \/>\nPasirinkite jus dominan\u010di\u0105 tem\u0105:<br \/>\n<span class=\"wpcf7-form-control-wrap\" data-name=\"Pasirinkimas\"><span class=\"wpcf7-form-control wpcf7-checkbox wpcf7-validates-as-required\"><span class=\"wpcf7-list-item first\"><label><input type=\"checkbox\" name=\"Pasirinkimas[]\" value=\"Laistymas\" \/><span class=\"wpcf7-list-item-label\">Laistymas<\/span><\/label><\/span><span class=\"wpcf7-list-item\"><label><input type=\"checkbox\" name=\"Pasirinkimas[]\" value=\"Robotai\" \/><span class=\"wpcf7-list-item-label\">Robotai<\/span><\/label><\/span><span class=\"wpcf7-list-item\"><label><input type=\"checkbox\" name=\"Pasirinkimas[]\" value=\"Veja\" \/><span class=\"wpcf7-list-item-label\">Veja<\/span><\/label><\/span><span class=\"wpcf7-list-item last\"><label><input type=\"checkbox\" name=\"Pasirinkimas[]\" value=\"Kita\" \/><span class=\"wpcf7-list-item-label\">Kita<\/span><\/label><\/span><\/span><\/span><br \/>\n<span class=\"wpcf7-form-control-wrap\" data-name=\"file-742\"><input size=\"40\" class=\"wpcf7-form-control wpcf7-file\" accept=\"audio\/*,video\/*,image\/*\" aria-invalid=\"false\" type=\"file\" name=\"file-742\" \/><\/span><br \/>\n<input class=\"wpcf7-form-control has-spinner wpcf7-submit\" type=\"submit\" value=\"Si\u0173sti\" \/>\n<\/p><div class=\"wpcf7-response-output\" aria-hidden=\"true\"><\/div>\n<\/form>\n<\/div>\n[vc_empty_space height=&#8221;2em&#8221;][\/vc_column][vc_column width=&#8221;1\/3&#8243;][vc_column_text el_class=&#8221;sc_form_style_form_2&#8243;]<\/p>\n<div class=\"sc_form_address\">\n<div class=\"sc_form_address_field site_name\">\n<div id=\"textheader\"><\/div>\n<div>\n<div id=\"desine\">\n<p><strong>Kontaktai:<\/strong><\/p>\n<p>UAB Lietuvonis<br \/>\nDvaro g. 64-206, LT-76347 \u0160iauliai<br \/>\n\u012emon\u0117s kodas:\u00a0304031544<\/p>\n<p>Telefonas: +370\u00a0612 724 94<br \/>\nEl. Pa\u0161tas: <a href=\"mailto:info@laistymo-sistemos.lt\">info@laistymo-sistemos.lt<\/a><\/p>\n<\/div>\n<\/div>\n<\/div>\n<\/div>\n<p>[\/vc_column_text][vc_empty_space][\/vc_column][\/vc_row]<\/p>\n","protected":false},"excerpt":{"rendered":"<p>[vc_row][vc_column][\/vc_column][\/vc_row][vc_row][vc_column width=&#8221;2\/3&#8243;][vc_empty_space height=&#8221;2em&#8221;][\/vc_column][vc_column width=&#8221;1\/3&#8243;][vc_column_text el_class=&#8221;sc_form_style_form_2&#8243;] Kontaktai: UAB Lietuvonis Dvaro g. 64-206, LT-76347 \u0160iauliai \u012emon\u0117s kodas:\u00a0304031544 Telefonas: +370\u00a0612 724 94 El. Pa\u0161tas: info@laistymo-sistemos.lt [\/vc_column_text][vc_empty_space][\/vc_column][\/vc_row]<\/p>\n","protected":false},"author":1,"featured_media":0,"parent":0,"menu_order":0,"comment_status":"closed","ping_status":"closed","template":"","meta":[],"_links":{"self":[{"href":"https:\/\/laistymo-sistemos.lt\/index.php?rest_route=\/wp\/v2\/pages\/210"}],"collection":[{"href":"https:\/\/laistymo-sistemos.lt\/index.php?rest_route=\/wp\/v2\/pages"}],"about":[{"href":"https:\/\/laistymo-sistemos.lt\/index.php?rest_route=\/wp\/v2\/types\/page"}],"author":[{"embeddable":true,"href":"https:\/\/laistymo-sistemos.lt\/index.php?rest_route=\/wp\/v2\/users\/1"}],"replies":[{"embeddable":true,"href":"https:\/\/laistymo-sistemos.lt\/index.php?rest_route=%2Fwp%2Fv2%2Fcomments&post=210"}],"version-history":[{"count":9,"href":"https:\/\/laistymo-sistemos.lt\/index.php?rest_route=\/wp\/v2\/pages\/210\/revisions"}],"predecessor-version":[{"id":752,"href":"https:\/\/laistymo-sistemos.lt\/index.php?rest_route=\/wp\/v2\/pages\/210\/revisions\/752"}],"wp:attachment":[{"href":"https:\/\/laistymo-sistemos.lt\/index.php?rest_route=%2Fwp%2Fv2%2Fmedia&parent=210"}],"curies":[{"name":"wp","href":"https:\/\/api.w.org\/{rel}","templated":true}]}}