{"id":264,"date":"2016-09-20T12:20:15","date_gmt":"2016-09-20T12:20:15","guid":{"rendered":"https:\/\/laistymo-sistemos.lt\/?page_id=264"},"modified":"2023-03-28T13:56:27","modified_gmt":"2023-03-28T12:56:27","slug":"about-style-1","status":"publish","type":"page","link":"https:\/\/laistymo-sistemos.lt\/?page_id=264","title":{"rendered":"Apie mus"},"content":{"rendered":"<p>[vc_row][vc_column]<div class=\"sc_section margin_top_large margin_bottom_huge\"><div class=\"sc_section_inner\"><h2 class=\"sc_section_title sc_item_title sc_item_title_without_descr\">Sveiki atvyk\u0119!<\/h2><h6 class=\"sc_section_subtitle sc_item_subtitle\">Kas mes tokie?<\/h6><div class=\"sc_section_content_wrap\"><div class=\"sc_promo sc_promo_size_large sc_promo_style_1\" data-animation=\"animated fadeInUpSmall normal\"><div class=\"sc_promo_inner\"><div class=\"sc_promo_image\" style=\"background-image:url(https:\/\/laistymo-sistemos.lt\/wp-content\/uploads\/2023\/03\/87f993bb-6b4b-41fb-abd4-13c4987d2ed4.jpeg);width:50%;left: 0;\"><div class=\"sc_promo_image_item\"><\/div><\/div><div class=\"sc_promo_block sc_align_left\" style=\"width: 50%; float: right;\"><div class=\"sc_promo_block_inner\"><h2 class=\"sc_promo_title sc_item_title sc_item_title_without_descr\">Mes pasireng\u0119 pad\u0117ti!<\/h2><div class=\"sc_promo_descr sc_item_descr\">Esame <b>UAB Lietuvonis<\/b> komanda ir norime pasveikinti apsilankius m\u016bs\u0173 puslapyje. Esame patyr\u0119 specialistai dirbantys <b>nuo 2000 m.,<\/b> teikiantys sklypo prie\u017ei\u016bros ir ap\u017eeldinimo paslaugas visoje Lietuvoje.<\/p>\n<p>M\u016bs\u0173 paslaug\u0173 spektras yra platus ir apima sklypo land\u0161afto formavim\u0105, vejos \u012frengim\u0105, vejos prie\u017ei\u016br\u0105, senos vejos atnaujinim\u0105, automatin\u0117s \u017eol\u0117s laistymo sistemos \u012frengim\u0105, sklypo ar sodybos ap\u017eeldinim\u0105, \u0161iuolaiki\u0161k\u0105 sklypo ap\u0161vietim\u0105 ir t.t.<\/p>\n<p>Turime ilgamet\u0119 patirt\u012f ir did\u017eiuojam\u0117s, kad esame operatyv\u016bs ir profesional\u016bs darbuotojai, naudojame tik patikrint\u0105, patikim\u0105 ir ilgaam\u017e\u0119 \u012frang\u0105. M\u016bs\u0173 s\u0117km\u0117 yra patenkinti klientai ir gra\u017eiai atrodantys sklypai.<\/p>\n<p>Esame \u012fsik\u016br\u0119 \u0160iauliuose, bet dirbame <b>visoje Lietuvoje<\/b>. Jei turite klausim\u0173 ar norite su\u017einoti daugiau apie m\u016bs\u0173 teikiamas paslaugas, susisiekite su mumis.<\/div><div class=\"sc_promo_button sc_item_button\"><a href=\"\/?page_id=210\/\" class=\"sc_button sc_button_round sc_button_style_filled sc_button_size_small\">Kontaktai<\/a><\/div><\/div><\/div><\/div><\/div><\/div><\/div><\/div>[\/vc_column][\/vc_row][vc_row full_width=&#8221;stretch_row&#8221; css=&#8221;.vc_custom_1679913448438{background-image: url(http:\/\/laistymo-sistemos.lt\/wp-content\/uploads\/2023\/03\/sprinkler-head.jpeg?id=686) !important;}&#8221;][vc_column css_animation=&#8221;fadeIn&#8221;]<div id=\"sc_team_2134445032_wrap\" class=\"sc_team_wrap\"><div id=\"sc_team_2134445032\" class=\"sc_team sc_team_style_team-3  margin_top_large margin_bottom_large aligncenter\" style=\"width:100%;\"><h2 class=\"sc_team_title sc_item_title sc_item_title_without_descr\">M\u016bs\u0173 komanda<\/h2><h6 class=\"sc_team_subtitle sc_item_subtitle\">Komanda<\/h6><div class=\"sc_columns columns_wrap\"><div class=\"column-1_2 column_padding_bottom\">\t\t\t<div id=\"sc_team_2134445032_1\"\t\t\t\tclass=\"sc_team_item sc_team_item_1 odd first\"\n\t\t\t\t>\n\t\t\t\t<div class=\"sc_team_item_avatar\"><img class=\"wp-post-image\" width=\"370\" height=\"273\" alt=\"Adomas\" src=\"https:\/\/laistymo-sistemos.lt\/wp-content\/uploads\/2023\/03\/Lietuvonis-lipdukai-1-2-370x273.png\">\t\t\t\t\t<div class=\"sc_team_item_hover\">\n\t\t\t\t\t\t<div class=\"sc_team_item_socials\"><div class=\"sc_socials sc_socials_type_icons sc_socials_shape_round sc_socials_size_tiny\"><div class=\"sc_socials_item\"><a href=\"https:\/\/business.facebook.com\/\" target=\"_blank\" class=\"social_icons social_facebook\"><span class=\"icon-facebook\"><\/span><\/a><\/div><div class=\"sc_socials_item\"><a href=\"https:\/\/twitter.com\/\" target=\"_blank\" class=\"social_icons social_twitter\"><span class=\"icon-twitter\"><\/span><\/a><\/div><div class=\"sc_socials_item\"><a href=\"https:\/\/www.pinterest.com\" target=\"_blank\" class=\"social_icons social_pinterest-circled\"><span class=\"icon-pinterest-circled\"><\/span><\/a><\/div><\/div><\/div>\n\t\t\t\t\t<\/div>\n\t\t\t\t<\/div>\n\t\t\t\t<div class=\"sc_team_item_info\">\n\t\t\t\t\t<h5 class=\"sc_team_item_title\"><a href=\"https:\/\/laistymo-sistemos.lt\/?team=mike-melton\">Adomas<\/a><\/h5>\n\t\t\t\t\t<div class=\"sc_team_item_position\"><\/div>\n\t\t\t\t<\/div>\n\t\t\t<\/div>\n\t\t<\/div><div class=\"column-1_2 column_padding_bottom\">\t\t\t<div id=\"sc_team_2134445032_2\"\t\t\t\tclass=\"sc_team_item sc_team_item_2 even\"\n\t\t\t\t>\n\t\t\t\t<div class=\"sc_team_item_avatar\"><img class=\"wp-post-image\" width=\"370\" height=\"273\" alt=\"Benius\" src=\"https:\/\/laistymo-sistemos.lt\/wp-content\/uploads\/2023\/03\/Lietuvonis-lipdukai-1-2-370x273.png\">\t\t\t\t\t<div class=\"sc_team_item_hover\">\n\t\t\t\t\t\t<div class=\"sc_team_item_socials\"><div class=\"sc_socials sc_socials_type_icons sc_socials_shape_round sc_socials_size_tiny\"><div class=\"sc_socials_item\"><a href=\"https:\/\/business.facebook.com\/\" target=\"_blank\" class=\"social_icons social_facebook\"><span class=\"icon-facebook\"><\/span><\/a><\/div><div class=\"sc_socials_item\"><a href=\"https:\/\/twitter.com\/\" target=\"_blank\" class=\"social_icons social_twitter\"><span class=\"icon-twitter\"><\/span><\/a><\/div><div class=\"sc_socials_item\"><a href=\"https:\/\/www.pinterest.com\/\" target=\"_blank\" class=\"social_icons social_pinterest-circled\"><span class=\"icon-pinterest-circled\"><\/span><\/a><\/div><\/div><\/div>\n\t\t\t\t\t<\/div>\n\t\t\t\t<\/div>\n\t\t\t\t<div class=\"sc_team_item_info\">\n\t\t\t\t\t<h5 class=\"sc_team_item_title\"><a href=\"https:\/\/laistymo-sistemos.lt\/?team=andre-pierce\">Benius<\/a><\/h5>\n\t\t\t\t\t<div class=\"sc_team_item_position\"><\/div>\n\t\t\t\t<\/div>\n\t\t\t<\/div>\n\t\t<\/div><\/div><\/div><!-- \/.sc_team --><\/div><!-- \/.sc_team_wrap -->[\/vc_column][\/vc_row]<\/p>\n","protected":false},"excerpt":{"rendered":"<p>[vc_row][vc_column][\/vc_column][\/vc_row][vc_row full_width=&#8221;stretch_row&#8221; css=&#8221;.vc_custom_1679913448438{background-image: url(http:\/\/laistymo-sistemos.lt\/wp-content\/uploads\/2023\/03\/sprinkler-head.jpeg?id=686) !important;}&#8221;][vc_column css_animation=&#8221;fadeIn&#8221;][\/vc_column][\/vc_row]<\/p>\n","protected":false},"author":1,"featured_media":0,"parent":0,"menu_order":0,"comment_status":"closed","ping_status":"closed","template":"","meta":[],"_links":{"self":[{"href":"https:\/\/laistymo-sistemos.lt\/index.php?rest_route=\/wp\/v2\/pages\/264"}],"collection":[{"href":"https:\/\/laistymo-sistemos.lt\/index.php?rest_route=\/wp\/v2\/pages"}],"about":[{"href":"https:\/\/laistymo-sistemos.lt\/index.php?rest_route=\/wp\/v2\/types\/page"}],"author":[{"embeddable":true,"href":"https:\/\/laistymo-sistemos.lt\/index.php?rest_route=\/wp\/v2\/users\/1"}],"replies":[{"embeddable":true,"href":"https:\/\/laistymo-sistemos.lt\/index.php?rest_route=%2Fwp%2Fv2%2Fcomments&post=264"}],"version-history":[{"count":35,"href":"https:\/\/laistymo-sistemos.lt\/index.php?rest_route=\/wp\/v2\/pages\/264\/revisions"}],"predecessor-version":[{"id":789,"href":"https:\/\/laistymo-sistemos.lt\/index.php?rest_route=\/wp\/v2\/pages\/264\/revisions\/789"}],"wp:attachment":[{"href":"https:\/\/laistymo-sistemos.lt\/index.php?rest_route=%2Fwp%2Fv2%2Fmedia&parent=264"}],"curies":[{"name":"wp","href":"https:\/\/api.w.org\/{rel}","templated":true}]}}