{"id":5,"date":"2016-09-16T11:10:18","date_gmt":"2016-09-16T10:10:18","guid":{"rendered":"https:\/\/laistymo-sistemos.lt\/?page_id=5"},"modified":"2023-03-28T13:48:55","modified_gmt":"2023-03-28T12:48:55","slug":"pagrindinis","status":"publish","type":"page","link":"https:\/\/laistymo-sistemos.lt\/","title":{"rendered":"Pagrindinis"},"content":{"rendered":"<p>[vc_row css=&#8221;.vc_custom_1475065578707{margin-top: -11% !important;}&#8221;][vc_column]<div id=\"sc_call_to_action_1523164679\" class=\"sc_call_to_action sc_call_to_action_style_2 sc_call_to_action_align_center\" style=\" background-image:url(https:\/\/laistymo-sistemos.lt\/wp-content\/uploads\/2016\/09\/bg_call_to_action.jpg); width:100%;\"><div class=\"sc_call_to_action_info\"><h2 class=\"sc_call_to_action_title sc_item_title sc_item_title_without_descr\">Gaukite pasi\u016blym\u0105!<\/h2><div class=\"sc_call_to_action_descr sc_item_descr\">Ra\u0161ykite ir mes pasi\u016blysime geriausi\u0105 variant\u0105!<\/div><\/div><div class=\"sc_call_to_action_buttons sc_item_buttons\"><div class=\"sc_call_to_action_button sc_item_button\"><a href=\"\/?page_id=210\/\" class=\"sc_button sc_button_round sc_button_style_filled sc_button_size_medium\">SUSISIEKITE<\/a><\/div><\/div><div class=\"drop-shadow\"><\/div><\/div>[\/vc_column][\/vc_row][vc_row][vc_column]<div id=\"sc_services_1595666995_wrap\" class=\"sc_services_wrap\"><div id=\"sc_services_1595666995\" class=\"sc_services sc_services_style_services-6 sc_services_type_images  margin_top_large margin_bottom_large\" style=\"width:100%;\"><h2 class=\"sc_services_title sc_item_title sc_item_title_without_descr\">M\u016bs\u0173 paslaugos<\/h2><h6 class=\"sc_services_subtitle sc_item_subtitle\">Paslaugos<\/h6><div class=\"sc_columns columns_wrap\"><div class=\"column-1_3 column_padding_bottom\">\t\t\t<div id=\"sc_services_1595666995_1\"\t\t\t\tclass=\"sc_services_item sc_services_item_1 odd first\"\n\t\t\t\t>\n\t\t\t\t\t\t\t\t\t<div class=\"sc_services_item_featured post_featured\">\n\t\t\t\t\t\t\t<div class=\"post_thumb\" data-image=\"https:\/\/laistymo-sistemos.lt\/wp-content\/uploads\/2023\/03\/image00002-scaled.jpeg\" data-title=\"Vejos \u012frengimas\">\n\t<a class=\"hover_icon hover_icon_link\" href=\"https:\/\/laistymo-sistemos.lt\/?services=vejos-irengimas\"><img class=\"wp-post-image\" width=\"370\" height=\"209\" alt=\"Vejos \u012frengimas\" src=\"https:\/\/laistymo-sistemos.lt\/wp-content\/uploads\/2023\/03\/image00002-scaled-370x209.jpeg\"><\/a>\t<\/div>\n\t\t\t\t\t\t<\/div>\n\t\t\t\t\t                <div class=\"sc_services_item_content\">\n\t\t\t\t\t<h5 class=\"sc_services_item_title\">Vejos \u012frengimas<\/h5>\t\t\t\t<\/div>\n\n                <div class=\"sc_services_item_description\">\n                    <h5 class=\"sc_services_item_title\"><a href=\"https:\/\/laistymo-sistemos.lt\/?services=vejos-irengimas\">Vejos \u012frengimas<\/a><\/h5><p>Vejos \u012frengimas, prie\u017ei\u016bra.<\/p><a href=\"https:\/\/laistymo-sistemos.lt\/?services=vejos-irengimas\" class=\"sc_button sc_button_round sc_button_style_filled sc_button_size_small\">Skaityti \u010dia<\/a>                <\/div>\n\n\t\t\t<\/div>\n\t\t<\/div><div class=\"column-1_3 column_padding_bottom\">\t\t\t<div id=\"sc_services_1595666995_2\"\t\t\t\tclass=\"sc_services_item sc_services_item_2 even\"\n\t\t\t\t>\n\t\t\t\t\t\t\t\t\t<div class=\"sc_services_item_featured post_featured\">\n\t\t\t\t\t\t\t<div class=\"post_thumb\" data-image=\"https:\/\/laistymo-sistemos.lt\/wp-content\/uploads\/2023\/03\/The-Best-Robot-Lawn-Mower-Options-1.jpg\" data-title=\"Vejos robotai\">\n\t<a class=\"hover_icon hover_icon_link\" href=\"https:\/\/laistymo-sistemos.lt\/?services=vejos-robotai\"><img class=\"wp-post-image\" width=\"370\" height=\"209\" alt=\"Vejos robotai\" src=\"https:\/\/laistymo-sistemos.lt\/wp-content\/uploads\/2023\/03\/The-Best-Robot-Lawn-Mower-Options-1-370x209.jpg\"><\/a>\t<\/div>\n\t\t\t\t\t\t<\/div>\n\t\t\t\t\t                <div class=\"sc_services_item_content\">\n\t\t\t\t\t<h5 class=\"sc_services_item_title\">Vejos robotai<\/h5>\t\t\t\t<\/div>\n\n                <div class=\"sc_services_item_description\">\n                    <h5 class=\"sc_services_item_title\"><a href=\"https:\/\/laistymo-sistemos.lt\/?services=vejos-robotai\">Vejos robotai<\/a><\/h5><p>Vejos robot\u0173 \u012frengimas, prie\u017ei\u016bra, pagalba.<\/p><a href=\"https:\/\/laistymo-sistemos.lt\/?services=vejos-robotai\" class=\"sc_button sc_button_round sc_button_style_filled sc_button_size_small\">Skaityti \u010dia<\/a>                <\/div>\n\n\t\t\t<\/div>\n\t\t<\/div><div class=\"column-1_3 column_padding_bottom\">\t\t\t<div id=\"sc_services_1595666995_3\"\t\t\t\tclass=\"sc_services_item sc_services_item_3 odd\"\n\t\t\t\t>\n\t\t\t\t\t\t\t\t\t<div class=\"sc_services_item_featured post_featured\">\n\t\t\t\t\t\t\t<div class=\"post_thumb\" data-image=\"https:\/\/laistymo-sistemos.lt\/wp-content\/uploads\/2016\/09\/service-3.jpg\" data-title=\"Laistymas\">\n\t<a class=\"hover_icon hover_icon_link\" href=\"https:\/\/laistymo-sistemos.lt\/?services=laistymas\"><img class=\"wp-post-image\" width=\"370\" height=\"209\" alt=\"Laistymas\" src=\"https:\/\/laistymo-sistemos.lt\/wp-content\/uploads\/2016\/09\/service-3-370x209.jpg\"><\/a>\t<\/div>\n\t\t\t\t\t\t<\/div>\n\t\t\t\t\t                <div class=\"sc_services_item_content\">\n\t\t\t\t\t<h5 class=\"sc_services_item_title\">Laistymas<\/h5>\t\t\t\t<\/div>\n\n                <div class=\"sc_services_item_description\">\n                    <h5 class=\"sc_services_item_title\"><a href=\"https:\/\/laistymo-sistemos.lt\/?services=laistymas\">Laistymas<\/a><\/h5><p>Laistymas, \u012frengimas, prie\u017eiura. Nuo bre\u017einio iki galinio produkto.<\/p><a href=\"https:\/\/laistymo-sistemos.lt\/?services=laistymas\" class=\"sc_button sc_button_round sc_button_style_filled sc_button_size_small\">Skaityti \u010dia<\/a>                <\/div>\n\n\t\t\t<\/div>\n\t\t<\/div><\/div><div class=\"sc_services_button sc_item_button\"><a href=\"\/?page_id=210\/\" class=\"sc_button sc_button_round sc_button_style_filled sc_button_size_medium\">Kontaktai<\/a><\/div><\/div><!-- \/.sc_services --><\/div><!-- \/.sc_services_wrap -->[\/vc_column][\/vc_row][vc_row full_width=&#8221;stretch_row&#8221; inverse=&#8221;yes&#8221; css=&#8221;.vc_custom_1679850064810{background-image: url(http:\/\/laistymo-sistemos.lt\/wp-content\/uploads\/2023\/03\/Screenshot-2021-07-13-163412.png?id=572) !important;background-position: center !important;background-repeat: no-repeat !important;background-size: cover !important;}&#8221;][vc_column]<div class=\"columns_wrap sc_columns columns_nofluid sc_columns_count_3 margin_top_huge margin_bottom_huge\"><div class=\"column-1_3 sc_column_item sc_column_item_1 odd first\" style=\"text-align:center;\"><span class=\"sc_icon icon-icon_3 margin_bottom_small\" style=\"display:block;font-size:2.2rem; line-height: 1em;\"><\/span><div id=\"sc_skills_diagram_2079805581\" class=\"sc_skills sc_skills_counter margin_top_tiny\" data-type=\"counter\" data-caption=\"Skills\"><div class=\"columns_wrap sc_skills_columns sc_skills_columns_1\"><div class=\"sc_skills_column column-1_1\"><div class=\"sc_skills_item sc_skills_style_2 odd first\"><div class=\"sc_skills_count\"><div class=\"sc_skills_total\" data-start=\"0\" data-stop=\"23 metai\" data-step=\"1\" data-max=\"23 metai\" data-speed=\"34\" data-duration=\"782\" data-ed=\"\">0<\/div><\/div><div class=\"sc_skills_info\"><div class=\"sc_skills_label\">Didel\u0117 met\u0173 patirtis<\/div><\/div><\/div><\/div><\/div><\/div><\/div><div class=\"column-1_3 sc_column_item sc_column_item_2 even\" style=\"text-align:center;\"><span class=\"sc_icon icon-icon_4 margin_bottom_small\" style=\"display:block;font-size:2.2rem; line-height: 1em;\"><\/span><div id=\"sc_skills_diagram_1338499383\" class=\"sc_skills sc_skills_counter margin_top_tiny\" data-type=\"counter\" data-caption=\"Skills\"><div class=\"columns_wrap sc_skills_columns sc_skills_columns_1\"><div class=\"sc_skills_column column-1_1\"><div class=\"sc_skills_item sc_skills_style_2 odd first\"><div class=\"sc_skills_count\"><div class=\"sc_skills_total\" data-start=\"0\" data-stop=\"578\" data-step=\"6\" data-max=\"578\" data-speed=\"30\" data-duration=\"2890\" data-ed=\"\">0<\/div><\/div><div class=\"sc_skills_info\"><div class=\"sc_skills_label\">Profesionali \u012franga<\/div><\/div><\/div><\/div><\/div><\/div><\/div><div class=\"column-1_3 sc_column_item sc_column_item_3 odd\" style=\"text-align:center;\"><span class=\"sc_icon icon-icon_5 margin_bottom_small\" style=\"display:block;font-size:2.2rem; line-height: 1em;\"><\/span><div id=\"sc_skills_diagram_1745158064\" class=\"sc_skills sc_skills_counter margin_top_tiny\" data-type=\"counter\" data-caption=\"Skills\"><div class=\"columns_wrap sc_skills_columns sc_skills_columns_1\"><div class=\"sc_skills_column column-1_1\"><div class=\"sc_skills_item sc_skills_style_2 odd first\"><div class=\"sc_skills_count\"><div class=\"sc_skills_total\" data-start=\"0\" data-stop=\"360+\" data-step=\"4\" data-max=\"360+\" data-speed=\"18\" data-duration=\"1620\" data-ed=\"\">0<\/div>+<\/div><div class=\"sc_skills_info\"><div class=\"sc_skills_label\">Patenkinti klientai<\/div><\/div><\/div><\/div><\/div><\/div><\/div><\/div>[\/vc_column][\/vc_row][vc_row full_width=&#8221;stretch_row&#8221; inverse=&#8221;yes&#8221; css=&#8221;.vc_custom_1679850218352{background-image: url(http:\/\/laistymo-sistemos.lt\/wp-content\/uploads\/2023\/03\/sprinkler-head.jpeg?id=686) !important;background-position: center !important;background-repeat: no-repeat !important;background-size: cover !important;}&#8221;][vc_column]<div class=\"sc_section margin_top_large margin_bottom_large aligncenter\" style=\"max-width: 740px;\"><div class=\"sc_section_inner\"><h2 class=\"sc_section_title sc_item_title sc_item_title_without_descr\">M\u016bs\u0173 galerija<\/h2><h6 class=\"sc_section_subtitle sc_item_subtitle\">Galerija:<\/h6><div class=\"sc_section_content_wrap\"><\/div><div class=\"sc_section_button sc_item_button\"><a href=\"\/?page_id=131\/\" class=\"sc_button sc_button_round sc_button_style_filled sc_button_size_medium\">Spauskite \u010dia<\/a><\/div><\/div><\/div>[\/vc_column][\/vc_row][vc_row css=&#8221;.vc_custom_1474988047020{padding-top: 4.5rem !important;padding-bottom: 4.2rem !important;}&#8221;][vc_column]<div id=\"sc_clients_1777259393_wrap\" class=\"sc_clients_wrap\"><div id=\"sc_clients_1777259393\" class=\"sc_clients sc_clients_style_clients-1 \" style=\"width:100%;\"><div class=\"sc_slider_swiper swiper-slider-container sc_slider_nopagination sc_slider_nocontrols\" data-interval=\"8186\" data-slides-per-view=\"7\" data-slides-min-width=\"100\"><div class=\"slides swiper-wrapper\"><div class=\"swiper-slide\" data-style=\"width:100%;\" style=\"width:100%;\">\t\t\t<div id=\"sc_clients_1777259393_1\" class=\"sc_clients_item sc_clients_item_1 odd first\">\n\t\t\t\t\t\t\t\t<div class=\"sc_client_image\"><img class=\"wp-post-image\" alt=\"Ambrogio\" src=\"https:\/\/laistymo-sistemos.lt\/wp-content\/uploads\/2023\/03\/download-2.png\"><\/div>\n\t\t\t\t\t\t\t<\/div>\n\t\t<\/div><div class=\"swiper-slide\" data-style=\"width:100%;\" style=\"width:100%;\">\t\t\t<div id=\"sc_clients_1777259393_2\" class=\"sc_clients_item sc_clients_item_2 even\">\n\t\t\t\t\t\t\t\t<div class=\"sc_client_image\"><img class=\"wp-post-image\" alt=\"Pedrolo\" src=\"https:\/\/laistymo-sistemos.lt\/wp-content\/uploads\/2023\/03\/pedrollo-vector-logo.png\"><\/div>\n\t\t\t\t\t\t\t<\/div>\n\t\t<\/div><div class=\"swiper-slide\" data-style=\"width:100%;\" style=\"width:100%;\">\t\t\t<div id=\"sc_clients_1777259393_3\" class=\"sc_clients_item sc_clients_item_3 odd\">\n\t\t\t\t\t\t\t\t<div class=\"sc_client_image\"><img class=\"wp-post-image\" alt=\"Unidelta\" src=\"https:\/\/laistymo-sistemos.lt\/wp-content\/uploads\/2016\/09\/download-1.png\"><\/div>\n\t\t\t\t\t\t\t<\/div>\n\t\t<\/div><div class=\"swiper-slide\" data-style=\"width:100%;\" style=\"width:100%;\">\t\t\t<div id=\"sc_clients_1777259393_4\" class=\"sc_clients_item sc_clients_item_4 even\">\n\t\t\t\t\t\t\t\t<div class=\"sc_client_image\"><img class=\"wp-post-image\" alt=\"Orbit\" src=\"https:\/\/laistymo-sistemos.lt\/wp-content\/uploads\/2016\/09\/orbit-irrigation-products-llc-logo-vector.png\"><\/div>\n\t\t\t\t\t\t\t<\/div>\n\t\t<\/div><div class=\"swiper-slide\" data-style=\"width:100%;\" style=\"width:100%;\">\t\t\t<div id=\"sc_clients_1777259393_5\" class=\"sc_clients_item sc_clients_item_5 odd\">\n\t\t\t\t\t\t\t\t<div class=\"sc_client_image\"><img class=\"wp-post-image\" alt=\"Irritrol\" src=\"https:\/\/laistymo-sistemos.lt\/wp-content\/uploads\/2016\/09\/irritrol-logo-vector.png\"><\/div>\n\t\t\t\t\t\t\t<\/div>\n\t\t<\/div><div class=\"swiper-slide\" data-style=\"width:100%;\" style=\"width:100%;\">\t\t\t<div id=\"sc_clients_1777259393_6\" class=\"sc_clients_item sc_clients_item_6 even\">\n\t\t\t\t\t\t\t\t<div class=\"sc_client_image\"><img class=\"wp-post-image\" alt=\"Hunter\" src=\"https:\/\/laistymo-sistemos.lt\/wp-content\/uploads\/2016\/09\/download.png\"><\/div>\n\t\t\t\t\t\t\t<\/div>\n\t\t<\/div><div class=\"swiper-slide\" data-style=\"width:100%;\" style=\"width:100%;\">\t\t\t<div id=\"sc_clients_1777259393_7\" class=\"sc_clients_item sc_clients_item_7 odd\">\n\t\t\t\t\t\t\t\t<div class=\"sc_client_image\"><img class=\"wp-post-image\" alt=\"Stihl\" src=\"https:\/\/laistymo-sistemos.lt\/wp-content\/uploads\/2016\/09\/2560px-Stihl_Logo.svg.png\"><\/div>\n\t\t\t\t\t\t\t<\/div>\n\t\t<\/div><\/div><div class=\"sc_slider_controls_wrap\"><a class=\"sc_slider_prev\" href=\"#\"><\/a><a class=\"sc_slider_next\" href=\"#\"><\/a><\/div><div class=\"sc_slider_pagination_wrap\"><\/div><\/div><\/div><!-- \/.sc_clients --><\/div><!-- \/.sc_clients_wrap -->[\/vc_column][\/vc_row]<\/p>\n","protected":false},"excerpt":{"rendered":"<p>[vc_row css=&#8221;.vc_custom_1475065578707{margin-top: -11% !important;}&#8221;][vc_column][\/vc_column][\/vc_row][vc_row][vc_column][\/vc_column][\/vc_row][vc_row full_width=&#8221;stretch_row&#8221; inverse=&#8221;yes&#8221; css=&#8221;.vc_custom_1679850064810{background-image: url(http:\/\/laistymo-sistemos.lt\/wp-content\/uploads\/2023\/03\/Screenshot-2021-07-13-163412.png?id=572) !important;background-position: center !important;background-repeat: no-repeat !important;background-size: cover !important;}&#8221;][vc_column][\/vc_column][\/vc_row][vc_row full_width=&#8221;stretch_row&#8221; inverse=&#8221;yes&#8221; css=&#8221;.vc_custom_1679850218352{background-image: url(http:\/\/laistymo-sistemos.lt\/wp-content\/uploads\/2023\/03\/sprinkler-head.jpeg?id=686) !important;background-position: center !important;background-repeat: no-repeat !important;background-size: cover !important;}&#8221;][vc_column][\/vc_column][\/vc_row][vc_row css=&#8221;.vc_custom_1474988047020{padding-top: 4.5rem !important;padding-bottom: 4.2rem !important;}&#8221;][vc_column][\/vc_column][\/vc_row]<\/p>\n","protected":false},"author":1,"featured_media":0,"parent":0,"menu_order":0,"comment_status":"closed","ping_status":"closed","template":"","meta":[],"_links":{"self":[{"href":"https:\/\/laistymo-sistemos.lt\/index.php?rest_route=\/wp\/v2\/pages\/5"}],"collection":[{"href":"https:\/\/laistymo-sistemos.lt\/index.php?rest_route=\/wp\/v2\/pages"}],"about":[{"href":"https:\/\/laistymo-sistemos.lt\/index.php?rest_route=\/wp\/v2\/types\/page"}],"author":[{"embeddable":true,"href":"https:\/\/laistymo-sistemos.lt\/index.php?rest_route=\/wp\/v2\/users\/1"}],"replies":[{"embeddable":true,"href":"https:\/\/laistymo-sistemos.lt\/index.php?rest_route=%2Fwp%2Fv2%2Fcomments&post=5"}],"version-history":[{"count":34,"href":"https:\/\/laistymo-sistemos.lt\/index.php?rest_route=\/wp\/v2\/pages\/5\/revisions"}],"predecessor-version":[{"id":787,"href":"https:\/\/laistymo-sistemos.lt\/index.php?rest_route=\/wp\/v2\/pages\/5\/revisions\/787"}],"wp:attachment":[{"href":"https:\/\/laistymo-sistemos.lt\/index.php?rest_route=%2Fwp%2Fv2%2Fmedia&parent=5"}],"curies":[{"name":"wp","href":"https:\/\/api.w.org\/{rel}","templated":true}]}}